{"id":967,"date":"2019-07-26T06:57:27","date_gmt":"2019-07-26T06:57:27","guid":{"rendered":"https:\/\/wollbude.de\/?page_id=967"},"modified":"2022-08-25T09:17:12","modified_gmt":"2022-08-25T09:17:12","slug":"aktuelles","status":"publish","type":"page","link":"https:\/\/wollbude.de\/?page_id=967","title":{"rendered":"Zubeh\u00f6r"},"content":{"rendered":"\t\t<div data-elementor-type=\"wp-post\" data-elementor-id=\"967\" class=\"elementor elementor-967\">\n\t\t\t\t\t\t<section class=\"elementor-section elementor-top-section elementor-element elementor-element-a696459 elementor-section-boxed elementor-section-height-default elementor-section-height-default\" data-id=\"a696459\" data-element_type=\"section\" data-settings=\"{&quot;background_background&quot;:&quot;gradient&quot;}\">\n\t\t\t\t\t\t<div class=\"elementor-container elementor-column-gap-default\">\n\t\t\t\t\t<div class=\"elementor-column elementor-col-100 elementor-top-column elementor-element elementor-element-e2cc9a5\" data-id=\"e2cc9a5\" data-element_type=\"column\">\n\t\t\t<div class=\"elementor-widget-wrap elementor-element-populated\">\n\t\t\t\t\t\t<div class=\"elementor-element elementor-element-c46765a elementor-widget elementor-widget-text-editor\" data-id=\"c46765a\" data-element_type=\"widget\" data-widget_type=\"text-editor.default\">\n\t\t\t\t<div class=\"elementor-widget-container\">\n\t\t\t\t\t\t\t\t\t<h1 style=\"text-align: center;\"><span style=\"color: #4a0500;\"><strong>Wir f\u00fchren eine gro\u00dfe Auswahl rund ums Stricken und H\u00e4keln !<\/strong><\/span><\/h1>\t\t\t\t\t\t\t\t<\/div>\n\t\t\t\t<\/div>\n\t\t\t\t\t<\/div>\n\t\t<\/div>\n\t\t\t\t\t<\/div>\n\t\t<\/section>\n\t\t\t\t<section class=\"elementor-section elementor-top-section elementor-element elementor-element-84e99ba elementor-section-boxed elementor-section-height-default elementor-section-height-default\" data-id=\"84e99ba\" data-element_type=\"section\">\n\t\t\t\t\t\t<div class=\"elementor-container elementor-column-gap-default\">\n\t\t\t\t\t<div class=\"elementor-column elementor-col-33 elementor-top-column elementor-element elementor-element-5713fbb\" data-id=\"5713fbb\" data-element_type=\"column\">\n\t\t\t<div class=\"elementor-widget-wrap elementor-element-populated\">\n\t\t\t\t\t\t<div class=\"elementor-element elementor-element-8792f22 elementor-widget elementor-widget-image\" data-id=\"8792f22\" data-element_type=\"widget\" data-widget_type=\"image.default\">\n\t\t\t\t<div class=\"elementor-widget-container\">\n\t\t\t\t\t\t\t\t\t\t\t\t\t\t\t<img decoding=\"async\" src=\"https:\/\/wollbude.de\/wp-content\/uploads\/elementor\/thumbs\/Rundstricknadeln-1-Wollbude.de_-obtarjpda44u5pb54wt3bvhh9tjmwjd9stngduf8b4.png\" title=\"Rundstricknadeln 1 Wollbude.de\" alt=\"Rundstricknadeln 1 Wollbude.de\" loading=\"lazy\" \/>\t\t\t\t\t\t\t\t\t\t\t\t\t\t\t<\/div>\n\t\t\t\t<\/div>\n\t\t\t\t\t<\/div>\n\t\t<\/div>\n\t\t\t\t<div class=\"elementor-column elementor-col-66 elementor-top-column elementor-element elementor-element-a557478\" data-id=\"a557478\" data-element_type=\"column\">\n\t\t\t<div class=\"elementor-widget-wrap elementor-element-populated\">\n\t\t\t\t\t\t<div class=\"elementor-element elementor-element-18e085e elementor-widget elementor-widget-text-editor\" data-id=\"18e085e\" data-element_type=\"widget\" data-widget_type=\"text-editor.default\">\n\t\t\t\t<div class=\"elementor-widget-container\">\n\t\t\t\t\t\t\t\t\t<p>\u00a0<\/p><p>Wir f\u00fchren<\/p><h1><strong>Rundstricknadeln von Addi<\/strong><\/h1><p>Es gibt sie in allen Gr\u00f6\u00dfen , L\u00e4ngen und Material . Hier zum Beispiel in Bambus.<\/p>\t\t\t\t\t\t\t\t<\/div>\n\t\t\t\t<\/div>\n\t\t\t\t\t<\/div>\n\t\t<\/div>\n\t\t\t\t\t<\/div>\n\t\t<\/section>\n\t\t\t\t<section class=\"elementor-section elementor-top-section elementor-element elementor-element-ef2788b elementor-section-boxed elementor-section-height-default elementor-section-height-default\" data-id=\"ef2788b\" data-element_type=\"section\">\n\t\t\t\t\t\t<div class=\"elementor-container elementor-column-gap-default\">\n\t\t\t\t\t<div class=\"elementor-column elementor-col-33 elementor-top-column elementor-element elementor-element-cfc5e8c\" data-id=\"cfc5e8c\" data-element_type=\"column\">\n\t\t\t<div class=\"elementor-widget-wrap elementor-element-populated\">\n\t\t\t\t\t\t<div class=\"elementor-element elementor-element-08155a2 elementor-widget elementor-widget-image\" data-id=\"08155a2\" data-element_type=\"widget\" data-widget_type=\"image.default\">\n\t\t\t\t<div class=\"elementor-widget-container\">\n\t\t\t\t\t\t\t\t\t\t\t\t\t\t\t<img decoding=\"async\" src=\"https:\/\/wollbude.de\/wp-content\/uploads\/elementor\/thumbs\/Strumpfstricknadeln-1-Wollbude.de_-obtbgl4lc8etfqxrx8gb920iyc4my9ruwra3m7aok0.png\" title=\"Strumpfstricknadeln 1 Wollbude.de\" alt=\"Strumpfstricknadeln 1 Wollbude.de\" loading=\"lazy\" \/>\t\t\t\t\t\t\t\t\t\t\t\t\t\t\t<\/div>\n\t\t\t\t<\/div>\n\t\t\t\t\t<\/div>\n\t\t<\/div>\n\t\t\t\t<div class=\"elementor-column elementor-col-66 elementor-top-column elementor-element elementor-element-8388c5b\" data-id=\"8388c5b\" data-element_type=\"column\">\n\t\t\t<div class=\"elementor-widget-wrap elementor-element-populated\">\n\t\t\t\t\t\t<div class=\"elementor-element elementor-element-4ce44a9 elementor-widget elementor-widget-text-editor\" data-id=\"4ce44a9\" data-element_type=\"widget\" data-widget_type=\"text-editor.default\">\n\t\t\t\t<div class=\"elementor-widget-container\">\n\t\t\t\t\t\t\t\t\t<p>\u00a0<\/p><p>Unsere<\/p><h1><strong>Strumpfstricknadeln oder Nadelspiele von Addi<\/strong><\/h1><p>gibt es ebenfalls in vielen Varianten f\u00fcr ein gutes Gelingen ihrer Idee .<\/p>\t\t\t\t\t\t\t\t<\/div>\n\t\t\t\t<\/div>\n\t\t\t\t\t<\/div>\n\t\t<\/div>\n\t\t\t\t\t<\/div>\n\t\t<\/section>\n\t\t\t\t<section class=\"elementor-section elementor-top-section elementor-element elementor-element-95a8153 elementor-section-boxed elementor-section-height-default elementor-section-height-default\" data-id=\"95a8153\" data-element_type=\"section\">\n\t\t\t\t\t\t<div class=\"elementor-container elementor-column-gap-default\">\n\t\t\t\t\t<div class=\"elementor-column elementor-col-33 elementor-top-column elementor-element elementor-element-5d55fc1\" data-id=\"5d55fc1\" data-element_type=\"column\">\n\t\t\t<div class=\"elementor-widget-wrap elementor-element-populated\">\n\t\t\t\t\t\t<div class=\"elementor-element elementor-element-616de58 elementor-widget elementor-widget-image\" data-id=\"616de58\" data-element_type=\"widget\" data-widget_type=\"image.default\">\n\t\t\t\t<div class=\"elementor-widget-container\">\n\t\t\t\t\t\t\t\t\t\t\t\t\t\t\t<img decoding=\"async\" src=\"https:\/\/wollbude.de\/wp-content\/uploads\/elementor\/thumbs\/Jackennadeln-Wollbude.de_-obtbvc7elmltnfics40ivtzyl1f0r9c79rvfrjf8wg.png\" title=\"Jackennadeln Wollbude.de\" alt=\"Jackennadeln Wollbude.de\" loading=\"lazy\" \/>\t\t\t\t\t\t\t\t\t\t\t\t\t\t\t<\/div>\n\t\t\t\t<\/div>\n\t\t\t\t\t<\/div>\n\t\t<\/div>\n\t\t\t\t<div class=\"elementor-column elementor-col-66 elementor-top-column elementor-element elementor-element-e494aad\" data-id=\"e494aad\" data-element_type=\"column\">\n\t\t\t<div class=\"elementor-widget-wrap elementor-element-populated\">\n\t\t\t\t\t\t<div class=\"elementor-element elementor-element-90b4c3f elementor-widget elementor-widget-text-editor\" data-id=\"90b4c3f\" data-element_type=\"widget\" data-widget_type=\"text-editor.default\">\n\t\t\t\t<div class=\"elementor-widget-container\">\n\t\t\t\t\t\t\t\t\t<p>\u00a0<\/p><p>Die gute altbew\u00e4hrte<\/p><h1><strong>Stricknadel von Addi<\/strong><\/h1><p>haben wir nat\u00fcrlich auch noch , in modern oder klassisch .<\/p>\t\t\t\t\t\t\t\t<\/div>\n\t\t\t\t<\/div>\n\t\t\t\t\t<\/div>\n\t\t<\/div>\n\t\t\t\t\t<\/div>\n\t\t<\/section>\n\t\t\t\t<section class=\"elementor-section elementor-top-section elementor-element elementor-element-ae4cef6 elementor-section-boxed elementor-section-height-default elementor-section-height-default\" data-id=\"ae4cef6\" data-element_type=\"section\">\n\t\t\t\t\t\t<div class=\"elementor-container elementor-column-gap-default\">\n\t\t\t\t\t<div class=\"elementor-column elementor-col-33 elementor-top-column elementor-element elementor-element-228b055\" data-id=\"228b055\" data-element_type=\"column\">\n\t\t\t<div class=\"elementor-widget-wrap elementor-element-populated\">\n\t\t\t\t\t\t<div class=\"elementor-element elementor-element-34a0658 elementor-widget elementor-widget-image\" data-id=\"34a0658\" data-element_type=\"widget\" data-widget_type=\"image.default\">\n\t\t\t\t<div class=\"elementor-widget-container\">\n\t\t\t\t\t\t\t\t\t\t\t\t\t\t\t<img decoding=\"async\" src=\"https:\/\/wollbude.de\/wp-content\/uploads\/elementor\/thumbs\/Kn\u00f6pfe-Wollbude.de_-ocxd2up9je0jezyxwyii2adnhue6g0i8h49up1p5tk.png\" title=\"Kn\u00f6pfe Wollbude.de\" alt=\"Kn\u00f6pfe Wollbude.de\" loading=\"lazy\" \/>\t\t\t\t\t\t\t\t\t\t\t\t\t\t\t<\/div>\n\t\t\t\t<\/div>\n\t\t\t\t\t<\/div>\n\t\t<\/div>\n\t\t\t\t<div class=\"elementor-column elementor-col-66 elementor-top-column elementor-element elementor-element-379f01b\" data-id=\"379f01b\" data-element_type=\"column\">\n\t\t\t<div class=\"elementor-widget-wrap elementor-element-populated\">\n\t\t\t\t\t\t<div class=\"elementor-element elementor-element-c93bbc1 elementor-widget elementor-widget-text-editor\" data-id=\"c93bbc1\" data-element_type=\"widget\" data-widget_type=\"text-editor.default\">\n\t\t\t\t<div class=\"elementor-widget-container\">\n\t\t\t\t\t\t\t\t\t<p>\u00a0<\/p><p>Eine gro\u00dfe Auswahl an<\/p><h1><strong>Kn\u00f6pfen<\/strong><\/h1><p>hilft auch Ihr Projekt zu gestalten .<\/p>\t\t\t\t\t\t\t\t<\/div>\n\t\t\t\t<\/div>\n\t\t\t\t\t<\/div>\n\t\t<\/div>\n\t\t\t\t\t<\/div>\n\t\t<\/section>\n\t\t\t\t<section class=\"elementor-section elementor-top-section elementor-element elementor-element-1af74fb elementor-section-boxed elementor-section-height-default elementor-section-height-default\" data-id=\"1af74fb\" data-element_type=\"section\">\n\t\t\t\t\t\t<div class=\"elementor-container elementor-column-gap-default\">\n\t\t\t\t\t<div class=\"elementor-column elementor-col-33 elementor-top-column elementor-element elementor-element-0286434\" data-id=\"0286434\" data-element_type=\"column\">\n\t\t\t<div class=\"elementor-widget-wrap elementor-element-populated\">\n\t\t\t\t\t\t<div class=\"elementor-element elementor-element-ef448df elementor-widget elementor-widget-image\" data-id=\"ef448df\" data-element_type=\"widget\" data-widget_type=\"image.default\">\n\t\t\t\t<div class=\"elementor-widget-container\">\n\t\t\t\t\t\t\t\t\t\t\t\t\t\t\t<img decoding=\"async\" src=\"https:\/\/wollbude.de\/wp-content\/uploads\/elementor\/thumbs\/Reissverschluesse-Wollbude.de_-p8qsn8gf9xqv9fe249r5lc1qqljis5q18tqyodu7js.png\" title=\"Rei\u00dfverschl\u00fcsse Wollbude.de\" alt=\"Rei\u00dfverschl\u00fcsse Wollbude.de\" loading=\"lazy\" \/>\t\t\t\t\t\t\t\t\t\t\t\t\t\t\t<\/div>\n\t\t\t\t<\/div>\n\t\t\t\t\t<\/div>\n\t\t<\/div>\n\t\t\t\t<div class=\"elementor-column elementor-col-66 elementor-top-column elementor-element elementor-element-c2717ee\" data-id=\"c2717ee\" data-element_type=\"column\">\n\t\t\t<div class=\"elementor-widget-wrap elementor-element-populated\">\n\t\t\t\t\t\t<div class=\"elementor-element elementor-element-ea94f92 elementor-widget elementor-widget-text-editor\" data-id=\"ea94f92\" data-element_type=\"widget\" data-widget_type=\"text-editor.default\">\n\t\t\t\t<div class=\"elementor-widget-container\">\n\t\t\t\t\t\t\t\t\t<p>\u00a0<\/p><p>Bei unserer Vielzahl an<\/p><h1><strong>Rei\u00dfverschl\u00fcssen<\/strong><\/h1><p>werden auch Sie den passenden finden .<\/p>\t\t\t\t\t\t\t\t<\/div>\n\t\t\t\t<\/div>\n\t\t\t\t\t<\/div>\n\t\t<\/div>\n\t\t\t\t\t<\/div>\n\t\t<\/section>\n\t\t\t\t<section class=\"elementor-section elementor-top-section elementor-element elementor-element-1e404be elementor-section-boxed elementor-section-height-default elementor-section-height-default\" data-id=\"1e404be\" data-element_type=\"section\">\n\t\t\t\t\t\t<div class=\"elementor-container elementor-column-gap-default\">\n\t\t\t\t\t<div class=\"elementor-column elementor-col-33 elementor-top-column elementor-element elementor-element-c2d4aa9\" data-id=\"c2d4aa9\" data-element_type=\"column\">\n\t\t\t<div class=\"elementor-widget-wrap elementor-element-populated\">\n\t\t\t\t\t\t<div class=\"elementor-element elementor-element-a07fbd4 elementor-widget elementor-widget-image\" data-id=\"a07fbd4\" data-element_type=\"widget\" data-widget_type=\"image.default\">\n\t\t\t\t<div class=\"elementor-widget-container\">\n\t\t\t\t\t\t\t\t\t\t\t\t\t\t\t<img decoding=\"async\" src=\"https:\/\/wollbude.de\/wp-content\/uploads\/elementor\/thumbs\/Stickzwist-Wollbude.de_-ocxdnk3a30cx5rw80epnhka6kec8zzpdnllw9gzyrc.png\" title=\"Stickzwist Wollbude.de\" alt=\"Stickzwist Wollbude.de\" loading=\"lazy\" \/>\t\t\t\t\t\t\t\t\t\t\t\t\t\t\t<\/div>\n\t\t\t\t<\/div>\n\t\t\t\t\t<\/div>\n\t\t<\/div>\n\t\t\t\t<div class=\"elementor-column elementor-col-66 elementor-top-column elementor-element elementor-element-35eca8a\" data-id=\"35eca8a\" data-element_type=\"column\">\n\t\t\t<div class=\"elementor-widget-wrap elementor-element-populated\">\n\t\t\t\t\t\t<div class=\"elementor-element elementor-element-b87a11f elementor-widget elementor-widget-text-editor\" data-id=\"b87a11f\" data-element_type=\"widget\" data-widget_type=\"text-editor.default\">\n\t\t\t\t<div class=\"elementor-widget-container\">\n\t\t\t\t\t\t\t\t\t<p>\u00a0<\/p><p>Mit der gro\u00dfen Auswahl an<\/p><h1><strong>Sticktwist<\/strong><\/h1><p>k\u00f6nnen auch Sie ihre bunte Vielfalt entdecken .<\/p>\t\t\t\t\t\t\t\t<\/div>\n\t\t\t\t<\/div>\n\t\t\t\t\t<\/div>\n\t\t<\/div>\n\t\t\t\t\t<\/div>\n\t\t<\/section>\n\t\t\t\t<section class=\"elementor-section elementor-top-section elementor-element elementor-element-46f731c elementor-section-boxed elementor-section-height-default elementor-section-height-default\" data-id=\"46f731c\" data-element_type=\"section\">\n\t\t\t\t\t\t<div class=\"elementor-container elementor-column-gap-default\">\n\t\t\t\t\t<div class=\"elementor-column elementor-col-33 elementor-top-column elementor-element elementor-element-3fd471c\" data-id=\"3fd471c\" data-element_type=\"column\">\n\t\t\t<div class=\"elementor-widget-wrap elementor-element-populated\">\n\t\t\t\t\t\t<div class=\"elementor-element elementor-element-38116db elementor-widget elementor-widget-image\" data-id=\"38116db\" data-element_type=\"widget\" data-widget_type=\"image.default\">\n\t\t\t\t<div class=\"elementor-widget-container\">\n\t\t\t\t\t\t\t\t\t\t\t\t\t\t\t<img decoding=\"async\" src=\"https:\/\/wollbude.de\/wp-content\/uploads\/elementor\/thumbs\/Allesnaeher-Wollbude.de_-p8qspj67zcw3n41wp9ibor6b0i7tliuew75owqfkc8.png\" title=\"Allesn\u00e4her Wollbude.de\" alt=\"Allesn\u00e4her Wollbude.de\" loading=\"lazy\" \/>\t\t\t\t\t\t\t\t\t\t\t\t\t\t\t<\/div>\n\t\t\t\t<\/div>\n\t\t\t\t\t<\/div>\n\t\t<\/div>\n\t\t\t\t<div class=\"elementor-column elementor-col-66 elementor-top-column elementor-element elementor-element-975ce84\" data-id=\"975ce84\" data-element_type=\"column\">\n\t\t\t<div class=\"elementor-widget-wrap elementor-element-populated\">\n\t\t\t\t\t\t<div class=\"elementor-element elementor-element-c28b103 elementor-widget elementor-widget-text-editor\" data-id=\"c28b103\" data-element_type=\"widget\" data-widget_type=\"text-editor.default\">\n\t\t\t\t<div class=\"elementor-widget-container\">\n\t\t\t\t\t\t\t\t\t<p>\u00a0<\/p><p style=\"text-align: center;\">Mit der vollen Farbauswahl von <\/p><h1><strong>N\u00e4hgarn<\/strong><\/h1><p>k\u00f6nnen sie ihre N\u00e4hprojekte verwirklichen. <\/p>\t\t\t\t\t\t\t\t<\/div>\n\t\t\t\t<\/div>\n\t\t\t\t\t<\/div>\n\t\t<\/div>\n\t\t\t\t\t<\/div>\n\t\t<\/section>\n\t\t\t\t<section class=\"elementor-section elementor-top-section elementor-element elementor-element-f02cf86 elementor-section-boxed elementor-section-height-default elementor-section-height-default\" data-id=\"f02cf86\" data-element_type=\"section\" data-settings=\"{&quot;background_background&quot;:&quot;gradient&quot;}\">\n\t\t\t\t\t\t<div class=\"elementor-container elementor-column-gap-default\">\n\t\t\t\t\t<div class=\"elementor-column elementor-col-100 elementor-top-column elementor-element elementor-element-02be8cf\" data-id=\"02be8cf\" data-element_type=\"column\">\n\t\t\t<div class=\"elementor-widget-wrap elementor-element-populated\">\n\t\t\t\t\t\t<div class=\"elementor-element elementor-element-e35bf63 elementor-widget elementor-widget-text-editor\" data-id=\"e35bf63\" data-element_type=\"widget\" data-widget_type=\"text-editor.default\">\n\t\t\t\t<div class=\"elementor-widget-container\">\n\t\t\t\t\t\t\t\t\t<p>Bei W\u00fcnschen und Fragen bitte unter\u00a0<a href=\"mailto:info@Wollbude.de\" target=\"_blank\" rel=\"noopener\"><span style=\"color: #460500;\">info@Wollbude.de<\/span><\/a> oder <span style=\"color: #4a0500;\">02222\/977134<\/span> melden .<\/p>\t\t\t\t\t\t\t\t<\/div>\n\t\t\t\t<\/div>\n\t\t\t\t\t<\/div>\n\t\t<\/div>\n\t\t\t\t\t<\/div>\n\t\t<\/section>\n\t\t\t\t<\/div>\n\t\t","protected":false},"excerpt":{"rendered":"<p>Wir f\u00fchren eine gro\u00dfe Auswahl rund ums Stricken und H\u00e4keln ! Wir f\u00fchren Rundstricknadeln von Addi Es gibt sie in allen Gr\u00f6\u00dfen , L\u00e4ngen und Material . Hier zum Beispiel in Bambus. Unsere Strumpfstricknadeln oder Nadelspiele von Addi gibt es ebenfalls in vielen Varianten f\u00fcr ein gutes Gelingen ihrer Idee . Die gute altbew\u00e4hrte Stricknadel [&hellip;]<\/p>\n","protected":false},"author":1,"featured_media":0,"parent":0,"menu_order":0,"comment_status":"closed","ping_status":"closed","template":"","meta":{"footnotes":""},"class_list":["post-967","page","type-page","status-publish","hentry","entry"],"_links":{"self":[{"href":"https:\/\/wollbude.de\/index.php?rest_route=\/wp\/v2\/pages\/967","targetHints":{"allow":["GET"]}}],"collection":[{"href":"https:\/\/wollbude.de\/index.php?rest_route=\/wp\/v2\/pages"}],"about":[{"href":"https:\/\/wollbude.de\/index.php?rest_route=\/wp\/v2\/types\/page"}],"author":[{"embeddable":true,"href":"https:\/\/wollbude.de\/index.php?rest_route=\/wp\/v2\/users\/1"}],"replies":[{"embeddable":true,"href":"https:\/\/wollbude.de\/index.php?rest_route=%2Fwp%2Fv2%2Fcomments&post=967"}],"version-history":[{"count":243,"href":"https:\/\/wollbude.de\/index.php?rest_route=\/wp\/v2\/pages\/967\/revisions"}],"predecessor-version":[{"id":5973,"href":"https:\/\/wollbude.de\/index.php?rest_route=\/wp\/v2\/pages\/967\/revisions\/5973"}],"wp:attachment":[{"href":"https:\/\/wollbude.de\/index.php?rest_route=%2Fwp%2Fv2%2Fmedia&parent=967"}],"curies":[{"name":"wp","href":"https:\/\/api.w.org\/{rel}","templated":true}]}}