{"id":416,"date":"2019-07-06T08:17:20","date_gmt":"2019-07-06T08:17:20","guid":{"rendered":"https:\/\/wollbude.de\/?page_id=416"},"modified":"2025-03-21T07:43:40","modified_gmt":"2025-03-21T07:43:40","slug":"ueber-uns-2","status":"publish","type":"page","link":"https:\/\/wollbude.de\/?page_id=416","title":{"rendered":"\u00dcber uns"},"content":{"rendered":"\t\t<div data-elementor-type=\"wp-post\" data-elementor-id=\"416\" class=\"elementor elementor-416\">\n\t\t\t\t\t\t<section class=\"elementor-section elementor-top-section elementor-element elementor-element-b30c02e elementor-section-boxed elementor-section-height-default elementor-section-height-default\" data-id=\"b30c02e\" data-element_type=\"section\">\n\t\t\t\t\t\t<div class=\"elementor-container elementor-column-gap-default\">\n\t\t\t\t\t<div class=\"elementor-column elementor-col-33 elementor-top-column elementor-element elementor-element-6e58601\" data-id=\"6e58601\" data-element_type=\"column\">\n\t\t\t<div class=\"elementor-widget-wrap elementor-element-populated\">\n\t\t\t\t\t\t<div class=\"elementor-element elementor-element-a42d6fe elementor-widget elementor-widget-image\" data-id=\"a42d6fe\" data-element_type=\"widget\" data-widget_type=\"image.default\">\n\t\t\t\t<div class=\"elementor-widget-container\">\n\t\t\t\t\t\t\t\t\t\t\t\t\t\t\t<img decoding=\"async\" src=\"https:\/\/wollbude.de\/wp-content\/uploads\/elementor\/thumbs\/Wollangebot-Wollbude.de_-p73yv1vtncomggic8j68ps1tp1p4hshe6yi1s9x1h4.jpg\" title=\"Wollangebot Wollbude.de\" alt=\"Wollangebot Wollbude.de\" loading=\"lazy\" \/>\t\t\t\t\t\t\t\t\t\t\t\t\t\t\t<\/div>\n\t\t\t\t<\/div>\n\t\t\t\t\t<\/div>\n\t\t<\/div>\n\t\t\t\t<div class=\"elementor-column elementor-col-33 elementor-top-column elementor-element elementor-element-290cfbf\" data-id=\"290cfbf\" data-element_type=\"column\">\n\t\t\t<div class=\"elementor-widget-wrap elementor-element-populated\">\n\t\t\t\t\t\t<div class=\"elementor-element elementor-element-9b3110e elementor-widget elementor-widget-image\" data-id=\"9b3110e\" data-element_type=\"widget\" data-widget_type=\"image.default\">\n\t\t\t\t<div class=\"elementor-widget-container\">\n\t\t\t\t\t\t\t\t\t\t\t\t\t\t\t<img decoding=\"async\" src=\"https:\/\/wollbude.de\/wp-content\/uploads\/elementor\/thumbs\/Eingang-Wollbude.de_-p73z760xqh9o3iwthrp4upzpbtzfpckuix7cgnyda0.png\" title=\"Eingang Wollbude.de\" alt=\"Eingang Wollbude.de\" loading=\"lazy\" \/>\t\t\t\t\t\t\t\t\t\t\t\t\t\t\t<\/div>\n\t\t\t\t<\/div>\n\t\t\t\t\t<\/div>\n\t\t<\/div>\n\t\t\t\t<div class=\"elementor-column elementor-col-33 elementor-top-column elementor-element elementor-element-d804bcc\" data-id=\"d804bcc\" data-element_type=\"column\">\n\t\t\t<div class=\"elementor-widget-wrap elementor-element-populated\">\n\t\t\t\t\t\t<div class=\"elementor-element elementor-element-43fb2cd elementor-widget elementor-widget-image\" data-id=\"43fb2cd\" data-element_type=\"widget\" data-widget_type=\"image.default\">\n\t\t\t\t<div class=\"elementor-widget-container\">\n\t\t\t\t\t\t\t\t\t\t\t\t\t\t\t<img decoding=\"async\" src=\"https:\/\/wollbude.de\/wp-content\/uploads\/elementor\/thumbs\/Wolle-Wollbude.de_-p73zfysjpnbas44p42mep021iom4rcie2h1z6wwp14.jpg\" title=\"Wolle Wollbude.de\" alt=\"Wolle Wollbude.de\" loading=\"lazy\" \/>\t\t\t\t\t\t\t\t\t\t\t\t\t\t\t<\/div>\n\t\t\t\t<\/div>\n\t\t\t\t\t<\/div>\n\t\t<\/div>\n\t\t\t\t\t<\/div>\n\t\t<\/section>\n\t\t\t\t<section class=\"elementor-section elementor-top-section elementor-element elementor-element-e756eb2 elementor-section-boxed elementor-section-height-default elementor-section-height-default\" data-id=\"e756eb2\" data-element_type=\"section\">\n\t\t\t\t\t\t<div class=\"elementor-container elementor-column-gap-default\">\n\t\t\t\t\t<div class=\"elementor-column elementor-col-100 elementor-top-column elementor-element elementor-element-5612be4\" data-id=\"5612be4\" data-element_type=\"column\">\n\t\t\t<div class=\"elementor-widget-wrap elementor-element-populated\">\n\t\t\t\t\t\t<div class=\"elementor-element elementor-element-5ba8bbd elementor-widget elementor-widget-text-editor\" data-id=\"5ba8bbd\" data-element_type=\"widget\" data-widget_type=\"text-editor.default\">\n\t\t\t\t<div class=\"elementor-widget-container\">\n\t\t\t\t\t\t\t\t\t<h1><strong>Wolle zum Stricken und H\u00e4keln ; Kurzwaren ; Zubeh\u00f6r zum Handarbeiten ;<\/strong><strong><br \/><\/strong><\/h1><h1><strong>Austermann ; schoeller + stahl ; Online Wolle kaufen ; g\u00fcnstig Wolle Online ; G\u00fctermann N\u00e4hgarn ; Addi Stricknadeln ;Prym Kurzwaren ;<\/strong><\/h1><h1><strong>Stoffe zum Schneidern und Besticken . Wir besticken Berufsbekleidung und Dekoartikel .<\/strong><\/h1>\t\t\t\t\t\t\t\t<\/div>\n\t\t\t\t<\/div>\n\t\t\t\t\t<\/div>\n\t\t<\/div>\n\t\t\t\t\t<\/div>\n\t\t<\/section>\n\t\t\t\t<section class=\"elementor-section elementor-top-section elementor-element elementor-element-861ab19 elementor-section-boxed elementor-section-height-default elementor-section-height-default\" data-id=\"861ab19\" data-element_type=\"section\">\n\t\t\t\t\t\t<div class=\"elementor-container elementor-column-gap-default\">\n\t\t\t\t\t<div class=\"elementor-column elementor-col-50 elementor-top-column elementor-element elementor-element-1156a74\" data-id=\"1156a74\" data-element_type=\"column\">\n\t\t\t<div class=\"elementor-widget-wrap elementor-element-populated\">\n\t\t\t\t\t\t<div class=\"elementor-element elementor-element-75bb1f2 elementor-widget elementor-widget-image\" data-id=\"75bb1f2\" data-element_type=\"widget\" data-widget_type=\"image.default\">\n\t\t\t\t<div class=\"elementor-widget-container\">\n\t\t\t\t\t\t\t\t\t\t\t\t\t\t\t<img decoding=\"async\" src=\"https:\/\/wollbude.de\/wp-content\/uploads\/elementor\/thumbs\/Kurzwaren-1-Wollbude.de_-p73zk3b1pgylqi4z0utgmykvdka4jivzaw4p0mshq0.jpg\" title=\"Kurzwaren 1 Wollbude.de\" alt=\"Kurzwaren 1 Wollbude.de\" loading=\"lazy\" \/>\t\t\t\t\t\t\t\t\t\t\t\t\t\t\t<\/div>\n\t\t\t\t<\/div>\n\t\t\t\t\t<\/div>\n\t\t<\/div>\n\t\t\t\t<div class=\"elementor-column elementor-col-50 elementor-top-column elementor-element elementor-element-634570f\" data-id=\"634570f\" data-element_type=\"column\">\n\t\t\t<div class=\"elementor-widget-wrap elementor-element-populated\">\n\t\t\t\t\t\t<div class=\"elementor-element elementor-element-5c58d6f elementor-widget elementor-widget-image\" data-id=\"5c58d6f\" data-element_type=\"widget\" data-widget_type=\"image.default\">\n\t\t\t\t<div class=\"elementor-widget-container\">\n\t\t\t\t\t\t\t\t\t\t\t\t\t\t\t<img decoding=\"async\" src=\"https:\/\/wollbude.de\/wp-content\/uploads\/elementor\/thumbs\/Kurzwaren-2-Wollbude.de_-p73zqcwb9pjf4x1afkbx9dnhy1e7uvrk5wp871i08o.jpg\" title=\"Kurzwaren 2 Wollbude.de\" alt=\"Kurzwaren 2 Wollbude.de\" loading=\"lazy\" \/>\t\t\t\t\t\t\t\t\t\t\t\t\t\t\t<\/div>\n\t\t\t\t<\/div>\n\t\t\t\t\t<\/div>\n\t\t<\/div>\n\t\t\t\t\t<\/div>\n\t\t<\/section>\n\t\t\t\t<section class=\"elementor-section elementor-top-section elementor-element elementor-element-90ddb4b elementor-section-boxed elementor-section-height-default elementor-section-height-default\" data-id=\"90ddb4b\" data-element_type=\"section\">\n\t\t\t\t\t\t<div class=\"elementor-container elementor-column-gap-default\">\n\t\t\t\t\t<div class=\"elementor-column elementor-col-100 elementor-top-column elementor-element elementor-element-659b218\" data-id=\"659b218\" data-element_type=\"column\">\n\t\t\t<div class=\"elementor-widget-wrap elementor-element-populated\">\n\t\t\t\t\t\t<div class=\"elementor-element elementor-element-8e2146f elementor-widget elementor-widget-text-editor\" data-id=\"8e2146f\" data-element_type=\"widget\" data-widget_type=\"text-editor.default\">\n\t\t\t\t<div class=\"elementor-widget-container\">\n\t\t\t\t\t\t\t\t\t<p>Alle unsere Waren k\u00f6nnen Sie auch Online bestellen. Bei einem Warenwert ab 60,00 \u20ac kostenloser Versand in Deutschland. Rufen Sie uns an,<\/p><p>02222\/977134 oder eine Email<\/p><p><a href=\"mailto:info@Wollbude.de\" target=\"_blank\" rel=\"noopener\">info@Wollbude.de<\/a><\/p>\t\t\t\t\t\t\t\t<\/div>\n\t\t\t\t<\/div>\n\t\t\t\t\t<\/div>\n\t\t<\/div>\n\t\t\t\t\t<\/div>\n\t\t<\/section>\n\t\t\t\t<section class=\"elementor-section elementor-top-section elementor-element elementor-element-2dde5e7 elementor-section-boxed elementor-section-height-default elementor-section-height-default\" data-id=\"2dde5e7\" data-element_type=\"section\">\n\t\t\t\t\t\t<div class=\"elementor-container elementor-column-gap-default\">\n\t\t\t\t\t<div class=\"elementor-column elementor-col-33 elementor-top-column elementor-element elementor-element-d0bfc9d\" data-id=\"d0bfc9d\" data-element_type=\"column\">\n\t\t\t<div class=\"elementor-widget-wrap elementor-element-populated\">\n\t\t\t\t\t\t\t<\/div>\n\t\t<\/div>\n\t\t\t\t<div class=\"elementor-column elementor-col-66 elementor-top-column elementor-element elementor-element-d2a1125\" data-id=\"d2a1125\" data-element_type=\"column\">\n\t\t\t<div class=\"elementor-widget-wrap elementor-element-populated\">\n\t\t\t\t\t\t<div class=\"elementor-element elementor-element-0712952 elementor-widget elementor-widget-text-editor\" data-id=\"0712952\" data-element_type=\"widget\" data-widget_type=\"text-editor.default\">\n\t\t\t\t<div class=\"elementor-widget-container\">\n\t\t\t\t\t\t\t\t\t<p style=\"text-align: center;\"><span style=\"color: #993300;\"><strong>Unsere Serviceleistungen<\/strong><\/span><\/p><p style=\"text-align: center;\">W\u00e4scherei Hei\u00dfmangel<\/p><p style=\"text-align: center;\">chemische Reinigung\u00a0\u00a0<\/p><p style=\"text-align: center;\">\u00c4nderungsservice\u00a0\u00a0<\/p>\t\t\t\t\t\t\t\t<\/div>\n\t\t\t\t<\/div>\n\t\t\t\t\t<\/div>\n\t\t<\/div>\n\t\t\t\t\t<\/div>\n\t\t<\/section>\n\t\t\t\t<section class=\"elementor-section elementor-top-section elementor-element elementor-element-04d3dff elementor-section-boxed elementor-section-height-default elementor-section-height-default\" data-id=\"04d3dff\" data-element_type=\"section\">\n\t\t\t\t\t\t<div class=\"elementor-container elementor-column-gap-default\">\n\t\t\t\t\t<div class=\"elementor-column elementor-col-100 elementor-top-column elementor-element elementor-element-e550b54\" data-id=\"e550b54\" data-element_type=\"column\">\n\t\t\t<div class=\"elementor-widget-wrap elementor-element-populated\">\n\t\t\t\t\t\t<div class=\"elementor-element elementor-element-1d2352c elementor-widget elementor-widget-text-editor\" data-id=\"1d2352c\" data-element_type=\"widget\" data-widget_type=\"text-editor.default\">\n\t\t\t\t<div class=\"elementor-widget-container\">\n\t\t\t\t\t\t\t\t\t<p style=\"text-align: center;\"><strong>Die Wollbude offeriert seit 01.03.2002 ihrer Kundschaft in einem eigenen Ladengesch\u00e4ft ausgesuchte Wolle, Garne und weitere Materialien zur kreativen Handarbeit. Inzwischen ist der Name \u201edie Wollbude\u201c gesch\u00fctztes Markenzeichen und weit \u00fcber die Stadtgrenzen bekannt.<br \/>Das Gesch\u00e4ft, in Bornheim, zwischen K\u00f6ln und Bonn, gelegen, wurde von Cornelia Gratzfeld gegr\u00fcndet und bis heute gef\u00fchrt. Das Angebot reicht von einfachen bis hin zu exquisiten, besonders ausgesuchten\u00a0 Wollen und Garnen. Immer aber \u00a0steht \u00a0an erster \u00a0Stelle der unbedingte Qualit\u00e4tsanspruch.<\/strong><\/p><p style=\"text-align: center;\"><strong>Dieser nahe, intensive Kontakt zu den Kundinnen und Kunden schafft gerade die Erfahrung, um die Nachfrage nach Hochwertigem f\u00fcr Kleidung und Dekoration zu erkunden und in Angebote umzusetzen, die oft einmalig, immer aber frisch und voller Ideen sind.<br \/><\/strong><strong>Das Wollangebot umfasst die Marken Austermann, Schoeller Wolle, Schachenmayr, Regia und Opal Sockenwolle. Zum N\u00e4hbedarf und f\u00fcr Kurzwaren werden Produkte der Firma Prym und Addi angeboten.<br \/><\/strong><\/p><p style=\"text-align: center;\"><strong>\u00a0Neben der preiswerten Ware finden Sie auch hier immer wieder besonders hochwertige Qualit\u00e4t zu erschwinglichen Preisen<\/strong><strong><br \/>Nehmen Sie sich etwas Zeit und entdecken Sie unsere Angebote im Gesch\u00e4ft in Bornheim .<br \/>Wir freuen uns auf Sie!<\/strong><\/p><p style=\"text-align: center;\"><strong><br \/>Ihr Team \u201edie Wollbude\u201c<br \/>\u00a0<\/strong><\/p><h1 style=\"text-align: center;\"><strong>Cornelia Gratzfeld<\/strong><\/h1>\t\t\t\t\t\t\t\t<\/div>\n\t\t\t\t<\/div>\n\t\t\t\t\t<\/div>\n\t\t<\/div>\n\t\t\t\t\t<\/div>\n\t\t<\/section>\n\t\t\t\t<section class=\"elementor-section elementor-top-section elementor-element elementor-element-5eadeaf elementor-section-boxed elementor-section-height-default elementor-section-height-default\" data-id=\"5eadeaf\" data-element_type=\"section\">\n\t\t\t\t\t\t<div class=\"elementor-container elementor-column-gap-default\">\n\t\t\t\t\t<div class=\"elementor-column elementor-col-100 elementor-top-column elementor-element elementor-element-ded47e9\" data-id=\"ded47e9\" data-element_type=\"column\">\n\t\t\t<div class=\"elementor-widget-wrap elementor-element-populated\">\n\t\t\t\t\t\t<div class=\"elementor-element elementor-element-9369014 elementor-widget elementor-widget-text-editor\" data-id=\"9369014\" data-element_type=\"widget\" data-widget_type=\"text-editor.default\">\n\t\t\t\t<div class=\"elementor-widget-container\">\n\t\t\t\t\t\t\t\t\t<h1><strong>Impressum\u00a0 :\u00a0<\/strong><\/h1><h1><strong>die Wollbude \u2013 Cornelia Gratzfeld\u00a0\u00a0\u00a0<\/strong><\/h1><p><strong>K\u00f6nigstr. 102<\/strong><\/p><p><strong>53332 Bornheim\u00a0\u00a0<\/strong><\/p><p><strong>Tel. :\u00a0 +49 (0) 2222\/ 977 134<\/strong><\/p><p>Web : <strong><a href=\"http:\/\/www.wollbude.de\/index.php\">www.wollbude.de<\/a><\/strong><strong><br \/>E-Mail\u00a0 :\u00a0 <a href=\"mailto:info@wollbude.de\">info@wollbude.de<\/a><\/strong><\/p><p style=\"text-align: center;\">UST-ID.:\u00a0 DE\u00a0 220972843<\/p>\t\t\t\t\t\t\t\t<\/div>\n\t\t\t\t<\/div>\n\t\t\t\t\t<\/div>\n\t\t<\/div>\n\t\t\t\t\t<\/div>\n\t\t<\/section>\n\t\t\t\t<section class=\"elementor-section elementor-top-section elementor-element elementor-element-d3cdbfb elementor-section-boxed elementor-section-height-default elementor-section-height-default\" data-id=\"d3cdbfb\" data-element_type=\"section\">\n\t\t\t\t\t\t<div class=\"elementor-container elementor-column-gap-default\">\n\t\t\t\t\t<div class=\"elementor-column elementor-col-100 elementor-top-column elementor-element elementor-element-b6d5efd\" data-id=\"b6d5efd\" data-element_type=\"column\">\n\t\t\t<div class=\"elementor-widget-wrap elementor-element-populated\">\n\t\t\t\t\t\t<div class=\"elementor-element elementor-element-fe641d3 elementor-widget elementor-widget-image\" data-id=\"fe641d3\" data-element_type=\"widget\" data-widget_type=\"image.default\">\n\t\t\t\t<div class=\"elementor-widget-container\">\n\t\t\t\t\t\t\t\t\t\t\t\t\t\t\t<img fetchpriority=\"high\" decoding=\"async\" width=\"1024\" height=\"458\" src=\"https:\/\/wollbude.de\/wp-content\/uploads\/2022\/03\/Laden-der-Wollbude.de_.jpg\" class=\"attachment-large size-large wp-image-5237\" alt=\"\" srcset=\"https:\/\/wollbude.de\/wp-content\/uploads\/2022\/03\/Laden-der-Wollbude.de_.jpg 1024w, https:\/\/wollbude.de\/wp-content\/uploads\/2022\/03\/Laden-der-Wollbude.de_-300x134.jpg 300w, https:\/\/wollbude.de\/wp-content\/uploads\/2022\/03\/Laden-der-Wollbude.de_-768x344.jpg 768w\" sizes=\"(max-width: 1024px) 100vw, 1024px\" \/>\t\t\t\t\t\t\t\t\t\t\t\t\t\t\t<\/div>\n\t\t\t\t<\/div>\n\t\t\t\t\t<\/div>\n\t\t<\/div>\n\t\t\t\t\t<\/div>\n\t\t<\/section>\n\t\t\t\t<\/div>\n\t\t","protected":false},"excerpt":{"rendered":"<p>Wolle zum Stricken und H\u00e4keln ; Kurzwaren ; Zubeh\u00f6r zum Handarbeiten ; Austermann ; schoeller + stahl ; Online Wolle kaufen ; g\u00fcnstig Wolle Online ; G\u00fctermann N\u00e4hgarn ; Addi Stricknadeln ;Prym Kurzwaren ; Stoffe zum Schneidern und Besticken . Wir besticken Berufsbekleidung und Dekoartikel . Alle unsere Waren k\u00f6nnen Sie auch Online bestellen. Bei [&hellip;]<\/p>\n","protected":false},"author":1,"featured_media":0,"parent":0,"menu_order":0,"comment_status":"closed","ping_status":"closed","template":"","meta":{"footnotes":""},"class_list":["post-416","page","type-page","status-publish","hentry","entry"],"_links":{"self":[{"href":"https:\/\/wollbude.de\/index.php?rest_route=\/wp\/v2\/pages\/416","targetHints":{"allow":["GET"]}}],"collection":[{"href":"https:\/\/wollbude.de\/index.php?rest_route=\/wp\/v2\/pages"}],"about":[{"href":"https:\/\/wollbude.de\/index.php?rest_route=\/wp\/v2\/types\/page"}],"author":[{"embeddable":true,"href":"https:\/\/wollbude.de\/index.php?rest_route=\/wp\/v2\/users\/1"}],"replies":[{"embeddable":true,"href":"https:\/\/wollbude.de\/index.php?rest_route=%2Fwp%2Fv2%2Fcomments&post=416"}],"version-history":[{"count":119,"href":"https:\/\/wollbude.de\/index.php?rest_route=\/wp\/v2\/pages\/416\/revisions"}],"predecessor-version":[{"id":9694,"href":"https:\/\/wollbude.de\/index.php?rest_route=\/wp\/v2\/pages\/416\/revisions\/9694"}],"wp:attachment":[{"href":"https:\/\/wollbude.de\/index.php?rest_route=%2Fwp%2Fv2%2Fmedia&parent=416"}],"curies":[{"name":"wp","href":"https:\/\/api.w.org\/{rel}","templated":true}]}}