{"id":403,"date":"2019-07-06T07:56:49","date_gmt":"2019-07-06T07:56:49","guid":{"rendered":"https:\/\/wollbude.de\/?page_id=403"},"modified":"2019-07-08T08:03:54","modified_gmt":"2019-07-08T08:03:54","slug":"ueber-uns-widerrufsrecht","status":"publish","type":"page","link":"https:\/\/wollbude.de\/?page_id=403","title":{"rendered":"Widerrufsrecht"},"content":{"rendered":"\t\t<div data-elementor-type=\"wp-post\" data-elementor-id=\"403\" class=\"elementor elementor-403\">\n\t\t\t\t\t\t<section class=\"elementor-section elementor-top-section elementor-element elementor-element-7166d1a elementor-section-boxed elementor-section-height-default elementor-section-height-default\" data-id=\"7166d1a\" data-element_type=\"section\">\n\t\t\t\t\t\t<div class=\"elementor-container elementor-column-gap-default\">\n\t\t\t\t\t<div class=\"elementor-column elementor-col-100 elementor-top-column elementor-element elementor-element-f82dea8\" data-id=\"f82dea8\" data-element_type=\"column\">\n\t\t\t<div class=\"elementor-widget-wrap elementor-element-populated\">\n\t\t\t\t\t\t<div class=\"elementor-element elementor-element-e47f6ff elementor-widget elementor-widget-text-editor\" data-id=\"e47f6ff\" data-element_type=\"widget\" data-widget_type=\"text-editor.default\">\n\t\t\t\t<div class=\"elementor-widget-container\">\n\t\t\t\t\t\t\t\t\t<h1><span style=\"text-decoration: underline;\"><strong>Widerrufsrecht<\/strong><\/span><\/h1><ol><li><strong><strong> Sie haben das Recht, binnen vierzehn Tagen ohne Angabe von Gr\u00fcnden diesen Vertrag zu widerrufen.<br \/>Die Widerrufsfrist betr\u00e4gt vierzehn Tage ab dem Tag im Falle eines Vertrags \u00fcber mehrere Waren, die der Verbraucher im Rahmen einer<br \/>einheitlichen Bestellung bestellt hat und die getrennt geliefert werden:\u201e, an dem Sie oder<br \/>ein von Ihnen benannter Dritter, der nicht der Bef\u00f6rderer ist, die letzte Ware in Besitz<br \/>genommen haben bzw. hat.\u201c;<\/strong><\/strong><p>2. Um Ihr Widerrufsrecht auszu\u00fcben, m\u00fcssen Sie uns<\/p><strong>ie Wollbud<\/strong><strong>nh. Cornelia Gratzfel\u00f6nigstr. 102<br \/>53332 Bornheiml: +49 (0)2222\/977 134eb: www.wollbudeail: info@wollbude.de <\/strong><\/li><\/ol><p><strong>) mittels einer eindeutigen Erkl\u00e4rung (z.B. ein mit<br \/>der Post versandter Brief, Telefax oder E-Mail) \u00fcber Ihren Entschluss, diesen Vertrag zu widerrufen,<br \/>informieren.<br \/>Zur Wahrung der Widerrufsfrist reicht es aus, dass Sie die Mitteilung \u00fcber die Aus\u00fcbung des<br \/>Widerrufsrechts vor Ablauf der Widerrufsfrist absenden.<\/strong><\/p><p>3.Folgen des Widerrufs<br \/>Wenn Sie diesen Vertrag widerrufen, haben wir Ihnen alle Zahlungen, die wir von Ihnen erhalten<br \/>haben, einschlie\u00dflich der Lieferkosten (mit Ausnahme der zus\u00e4tzlichen Kosten, die sich daraus ergeben,<br \/>dass Sie eine andere Art der Lieferung als die von uns angebotene, g\u00fcnstigste Standardlieferung<br \/>gew\u00e4hlt haben), unverz\u00fcglich und sp\u00e4testens binnen vierzehn Tagen ab dem Tag zur\u00fcckzuzahlen, an<br \/>dem die Mitteilung \u00fcber Ihren Widerruf dieses Vertrags bei uns eingegangen ist. F\u00fcr diese<br \/>R\u00fcckzahlung verwenden wir dasselbe Zahlungsmittel, das Sie bei der urspr\u00fcnglichen Transaktion<br \/>eingesetzt haben, es sei denn, mit Ihnen wurde ausdr\u00fccklich etwas anderes vereinbart; in keinem Fall<br \/>werden Ihnen wegen dieser R\u00fcckzahlung Entgelte berechnet.\u201eWir k\u00f6nnen die R\u00fcckzahlung verweigern,<br \/>bis wir die Waren wieder zur\u00fcckerhalten haben oder bis Sie den Nachweis erbracht haben,<br \/>dass Sie die Waren zur\u00fcckgesandt haben, je nachdem, welches der fr\u00fchere Zeitpunkt ist.\u201c<\/p><ol start=\"4\"><li><strong> \u201eSie haben die Waren unverz\u00fcglich und in jedem Fall sp\u00e4testens binnen vierzehn<br \/>Tagen ab dem Tag, an dem Sie uns \u00fcber den Widerruf dieses Vertrags unterrichten,<br \/>an \u2026 uns oder an [hier sind gegebenenfalls der Name und die Anschrift der von<br \/>Ihnen zur Entgegennahme der Waren erm\u00e4chtigten Person einzuf\u00fcgen]<br \/>zur\u00fcckzusenden oder zu \u00fcbergeben. Die Frist ist gewahrt, wenn Sie die Waren vor<br \/>Ablauf der Frist von vierzehn Tagen absenden.\u201c<br \/>\u201eSie tragen die unmittelbaren Kosten der R\u00fccksendung der Waren.\u201c;<br \/>\u201eSie m\u00fcssen f\u00fcr einen etwaigen Wertverlust der Waren nur aufkommen,<br \/>wenn dieser Wertverlust auf einen zur Pr\u00fcfung der Beschaffenheit, Eigenschaften und<br \/>Funktionsweise der Waren nicht notwendigen Umgang mit ihnen zur\u00fcckzuf\u00fchren ist.\u201c<\/strong><\/li><\/ol>\t\t\t\t\t\t\t\t<\/div>\n\t\t\t\t<\/div>\n\t\t\t\t\t<\/div>\n\t\t<\/div>\n\t\t\t\t\t<\/div>\n\t\t<\/section>\n\t\t\t\t<section class=\"elementor-section elementor-top-section elementor-element elementor-element-c6fcfc6 elementor-section-boxed elementor-section-height-default elementor-section-height-default\" data-id=\"c6fcfc6\" data-element_type=\"section\">\n\t\t\t\t\t\t<div class=\"elementor-container elementor-column-gap-default\">\n\t\t\t\t\t<div class=\"elementor-column elementor-col-100 elementor-top-column elementor-element elementor-element-a6e5900\" data-id=\"a6e5900\" data-element_type=\"column\">\n\t\t\t<div class=\"elementor-widget-wrap elementor-element-populated\">\n\t\t\t\t\t\t<div class=\"elementor-element elementor-element-0935210 elementor-widget elementor-widget-text-editor\" data-id=\"0935210\" data-element_type=\"widget\" data-widget_type=\"text-editor.default\">\n\t\t\t\t<div class=\"elementor-widget-container\">\n\t\t\t\t\t\t\t\t\t<h1><strong><span style=\"text-decoration: underline;\">Liefer &#8211; und Versandbedinugen<\/span><\/strong><\/h1><p><strong>Bis zu einem Bestellwert von 50,-\u20ac Versandkosten <\/strong><strong>2,38\u20ac .<\/strong><strong><br \/><\/strong><strong>Ab einem Warenwert von \u00fcber 50,- \u20ac Versandkosten frei .<\/strong><\/p><p><strong>Die bestellte Ware hat in der Regel eine Lieferzeit von einer Woche.<\/strong><\/p><p><strong>Es kann jedoch zu Lieferverz\u00f6gerungen kommen, durch den Lieferanten DHL \/ Hermes,<\/strong><\/p><p><strong>oder wenn ein Artikel vergriffen ist.<\/strong><\/p><p><strong>In diesem Fall werden wir Sie umgehend benachrichtigen.<br \/>Bitte haben Sie etwas Geduld, wenns l\u00e4nger dauert, \u00a0wir teilen ihnen den neuen Liefertermin\u00a0 mit.<\/strong><\/p><p>Bei uns k\u00f6nnen Sie\u00a0 mit PayPal oder Vorkasse \u00a0bezahlen .<\/p>\t\t\t\t\t\t\t\t<\/div>\n\t\t\t\t<\/div>\n\t\t\t\t\t<\/div>\n\t\t<\/div>\n\t\t\t\t\t<\/div>\n\t\t<\/section>\n\t\t\t\t<\/div>\n\t\t","protected":false},"excerpt":{"rendered":"<p>Widerrufsrecht Sie haben das Recht, binnen vierzehn Tagen ohne Angabe von Gr\u00fcnden diesen Vertrag zu widerrufen. Die Widerrufsfrist betr\u00e4gt vierzehn Tage ab dem Tag im Falle eines Vertrags \u00fcber mehrere Waren, die der Verbraucher im Rahmen einer einheitlichen Bestellung bestellt hat und die getrennt geliefert werden:\u201e, an dem Sie oder ein von Ihnen benannter Dritter, [&hellip;]<\/p>\n","protected":false},"author":1,"featured_media":0,"parent":0,"menu_order":0,"comment_status":"closed","ping_status":"closed","template":"","meta":{"footnotes":""},"class_list":["post-403","page","type-page","status-publish","hentry","entry"],"_links":{"self":[{"href":"https:\/\/wollbude.de\/index.php?rest_route=\/wp\/v2\/pages\/403","targetHints":{"allow":["GET"]}}],"collection":[{"href":"https:\/\/wollbude.de\/index.php?rest_route=\/wp\/v2\/pages"}],"about":[{"href":"https:\/\/wollbude.de\/index.php?rest_route=\/wp\/v2\/types\/page"}],"author":[{"embeddable":true,"href":"https:\/\/wollbude.de\/index.php?rest_route=\/wp\/v2\/users\/1"}],"replies":[{"embeddable":true,"href":"https:\/\/wollbude.de\/index.php?rest_route=%2Fwp%2Fv2%2Fcomments&post=403"}],"version-history":[{"count":6,"href":"https:\/\/wollbude.de\/index.php?rest_route=\/wp\/v2\/pages\/403\/revisions"}],"predecessor-version":[{"id":411,"href":"https:\/\/wollbude.de\/index.php?rest_route=\/wp\/v2\/pages\/403\/revisions\/411"}],"wp:attachment":[{"href":"https:\/\/wollbude.de\/index.php?rest_route=%2Fwp%2Fv2%2Fmedia&parent=403"}],"curies":[{"name":"wp","href":"https:\/\/api.w.org\/{rel}","templated":true}]}}